{"id":11,"date":"2018-02-06T19:05:00","date_gmt":"2018-02-06T18:05:00","guid":{"rendered":"https:\/\/kevintobler.ch:8443\/wordpress\/?page_id=11"},"modified":"2026-02-17T00:50:17","modified_gmt":"2026-02-16T23:50:17","slug":"videos","status":"publish","type":"page","link":"https:\/\/kevintobler.ch\/index.php\/videos\/","title":{"rendered":"videos"},"content":{"rendered":"<p><b>Rundflug 02.06.2018<\/b><br \/>\nImpressionen aus der Luft!<\/p>\n<div style=\"width: 640px;\" class=\"wp-video\"><video class=\"wp-video-shortcode\" id=\"video-11-1\" width=\"640\" height=\"360\" preload=\"metadata\" controls=\"controls\"><source type=\"video\/mp4\" src=\"\/videos\/Rundflug2018.mp4?_=1\" \/><a href=\"\/videos\/Rundflug2018.mp4\">\/videos\/Rundflug2018.mp4<\/a><\/video><\/div>\n<p><b><br \/>\nTessin 2017<\/b><br \/>\nImpressionen aus Bellinzona und Ascona<\/p>\n<div style=\"width: 640px;\" class=\"wp-video\"><video class=\"wp-video-shortcode\" id=\"video-11-2\" width=\"640\" height=\"360\" preload=\"metadata\" controls=\"controls\"><source type=\"video\/mp4\" src=\"\/videos\/Tessin2017.mp4?_=2\" \/><a href=\"\/videos\/Tessin2017.mp4\">\/videos\/Tessin2017.mp4<\/a><\/video><\/div>\n<p><b><br \/>\nNordschleife Slow Motion 2017<\/b><br \/>\nNordschleife in Slow Motion N\u00fcrburgring (D)<\/p>\n<div style=\"width: 640px;\" class=\"wp-video\"><video class=\"wp-video-shortcode\" id=\"video-11-3\" width=\"640\" height=\"360\" preload=\"metadata\" controls=\"controls\"><source type=\"video\/mp4\" src=\"\/videos\/Nordschleife2017.mp4?_=3\" \/><a href=\"\/videos\/Nordschleife2017.mp4\">\/videos\/Nordschleife2017.mp4<\/a><\/video><\/div>\n<p><b><br \/>\nSportfahrer.ch-Trackday Anneau du Rhin 29. Mai 2015<\/b><br \/>\nSportfahrer.ch-Trackday Anneau du Rhin (F)<\/p>\n<div style=\"width: 640px;\" class=\"wp-video\"><video class=\"wp-video-shortcode\" id=\"video-11-4\" width=\"640\" height=\"360\" preload=\"metadata\" controls=\"controls\"><source type=\"video\/mp4\" src=\"\/videos\/Anneau2015.mp4?_=4\" \/><a href=\"\/videos\/Anneau2015.mp4\">\/videos\/Anneau2015.mp4<\/a><\/video><\/div>\n<p><b><br \/>\nWEC N\u00fcrburgring 2015<\/b><br \/>\nWEC am N\u00fcrburgring (D) in Slow Motion<\/p>\n<div style=\"width: 640px;\" class=\"wp-video\"><video class=\"wp-video-shortcode\" id=\"video-11-5\" width=\"640\" height=\"360\" preload=\"metadata\" controls=\"controls\"><source type=\"video\/mp4\" src=\"\/videos\/WECNuerburgring2015.mp4?_=5\" \/><a href=\"\/videos\/WECNuerburgring2015.mp4\">\/videos\/WECNuerburgring2015.mp4<\/a><\/video><\/div>\n<p><b><br \/>\nSportfahrer.ch-Trackday Chenevi\u00e8res 15. August 2015<\/b><br \/>\nSportfahrer.ch-Trackday in Chenevi\u00e8res (F)<\/p>\n<div style=\"width: 640px;\" class=\"wp-video\"><video class=\"wp-video-shortcode\" id=\"video-11-6\" width=\"640\" height=\"360\" preload=\"metadata\" controls=\"controls\"><source type=\"video\/mp4\" src=\"\/videos\/Chenevi\u00e8res2015.mp4?_=6\" \/><a href=\"\/videos\/Chenevi\u00e8res2015.mp4\">\/videos\/Chenevi\u00e8res2015.mp4<\/a><\/video><\/div>\n<p><b><br \/>\nToyo Time Attack Masters Zandvoort 22. M\u00e4rz 2015<\/b><br \/>\nToyo Time Attack Masters in Zandvoort (NL)<\/p>\n<div style=\"width: 640px;\" class=\"wp-video\"><video class=\"wp-video-shortcode\" id=\"video-11-7\" width=\"640\" height=\"360\" preload=\"metadata\" controls=\"controls\"><source type=\"video\/mp4\" src=\"\/videos\/Zandvoort2015.mp4?_=7\" \/><a href=\"\/videos\/Zandvoort2015.mp4\">\/videos\/Zandvoort2015.mp4<\/a><\/video><\/div>\n<p><b><br \/>\nRikli Motorsport Jahresabschluss Dijon 8. November 2014<\/b><br \/>\nRikli Motorsport Jahresabschluss in Dijon (F)<\/p>\n<div style=\"width: 640px;\" class=\"wp-video\"><video class=\"wp-video-shortcode\" id=\"video-11-8\" width=\"640\" height=\"360\" preload=\"metadata\" controls=\"controls\"><source type=\"video\/mp4\" src=\"\/videos\/Dijon2014.mp4?_=8\" \/><a href=\"\/videos\/Dijon2014.mp4\">\/videos\/Dijon2014.mp4<\/a><\/video><\/div>\n<p><b><br \/>\nSpeed Industries Time Attack Anneau du Rhin 30. August 2014<\/b><br \/>\nSpeed Industries Time Attack in Anneau du Rhin (F)<\/p>\n<div style=\"width: 640px;\" class=\"wp-video\"><video class=\"wp-video-shortcode\" id=\"video-11-9\" width=\"640\" height=\"360\" preload=\"metadata\" controls=\"controls\"><source type=\"video\/mp4\" src=\"\/videos\/Anneau2014.mp4?_=9\" \/><a href=\"\/videos\/Anneau2014.mp4\">\/videos\/Anneau2014.mp4<\/a><\/video><\/div>\n<p><b><br \/>\nAirport Neuhausen ob Eck &#8211; Tuttlingen 3. September 2011<\/b><br \/>\nSportfahrer.ch driving event auf dem Flughafen Neuhausen ob Eck bei Tuttlingen!<\/p>\n<div style=\"width: 640px;\" class=\"wp-video\"><video class=\"wp-video-shortcode\" id=\"video-11-10\" width=\"640\" height=\"360\" preload=\"metadata\" controls=\"controls\"><source type=\"video\/mp4\" src=\"\/videos\/Tuttlingen2011.mp4?_=10\" \/><a href=\"\/videos\/Tuttlingen2011.mp4\">\/videos\/Tuttlingen2011.mp4<\/a><\/video><\/div>\n<p><b><br \/>\n350z-Club vs. Mini-Power-Club 2009<\/b><br \/>\nAufeinandertreffen zweier Spezies!?<\/p>\n<div style=\"width: 640px;\" class=\"wp-video\"><video class=\"wp-video-shortcode\" id=\"video-11-11\" width=\"640\" height=\"360\" preload=\"metadata\" controls=\"controls\"><source type=\"video\/mp4\" src=\"\/videos\/350z-MPC-2009.mp4?_=11\" \/><a href=\"\/videos\/350z-MPC-2009.mp4\">\/videos\/350z-MPC-2009.mp4<\/a><\/video><\/div>\n<p><b><br \/>\nFr\u00fchlingsausfahrt 2009 350z-club.ch<\/b><br \/>\nEinige Ausschnitte aus der Fr\u00fchlingsausfahrt 2009 des 350z-clubs!<\/p>\n<div style=\"width: 640px;\" class=\"wp-video\"><video class=\"wp-video-shortcode\" id=\"video-11-12\" width=\"640\" height=\"360\" preload=\"metadata\" controls=\"controls\"><source type=\"video\/mp4\" src=\"\/videos\/Fruehlingsausfahrt2009.mp4?_=12\" \/><a href=\"\/videos\/Fruehlingsausfahrt2009.mp4\">\/videos\/Fruehlingsausfahrt2009.mp4<\/a><\/video><\/div>\n<p><b><br \/>\nDriftkurs Ambri 2009<\/b><br \/>\nRallyevirus.ch drifting event auf dem Flughafen Ambri!<\/p>\n<div style=\"width: 640px;\" class=\"wp-video\"><video class=\"wp-video-shortcode\" id=\"video-11-13\" width=\"640\" height=\"360\" preload=\"metadata\" controls=\"controls\"><source type=\"video\/mp4\" src=\"\/videos\/Ambri2009.mp4?_=13\" \/><a href=\"\/videos\/Ambri2009.mp4\">\/videos\/Ambri2009.mp4<\/a><\/video><\/div>\n<p><b><br \/>\nTierpark Winterthur 2008<\/b><br \/>\nEin kurzes Video vom Tierpark in Winterthur!<\/p>\n<div style=\"width: 640px;\" class=\"wp-video\"><video class=\"wp-video-shortcode\" id=\"video-11-14\" width=\"640\" height=\"360\" preload=\"metadata\" controls=\"controls\"><source type=\"video\/mp4\" src=\"\/videos\/Winterthur2008.mp4?_=14\" \/><a href=\"\/videos\/Winterthur2008.mp4\">\/videos\/Winterthur2008.mp4<\/a><\/video><\/div>\n<p><b><br \/>\nAirport Neuhausen ob Eck &#8211; Tuttlingen 17. Oktober 2008<\/b><br \/>\nSportfahrer.ch driving event auf dem Flughafen Neuhausen ob Eck bei Tuttlingen!<\/p>\n<div style=\"width: 640px;\" class=\"wp-video\"><video class=\"wp-video-shortcode\" id=\"video-11-15\" width=\"640\" height=\"360\" preload=\"metadata\" controls=\"controls\"><source type=\"video\/mp4\" src=\"\/videos\/Tuttlingen2008.mp4?_=15\" \/><a href=\"\/videos\/Tuttlingen2008.mp4\">\/videos\/Tuttlingen2008.mp4<\/a><\/video><\/div>\n<p><b><br \/>\nTuner GP &amp; Drift Challenge 2008 &#8211; Hockenheim Deutschland<\/b><br \/>\nAngesehene Tuner pr\u00e4sentierten ihre Boliden und bei der Drift Challenge zeigten Profis ihr K\u00f6nnen im Querfahren!<\/p>\n<div style=\"width: 640px;\" class=\"wp-video\"><video class=\"wp-video-shortcode\" id=\"video-11-16\" width=\"640\" height=\"360\" preload=\"metadata\" controls=\"controls\"><source type=\"video\/mp4\" src=\"\/videos\/Hockenheim2008.mp4?_=16\" \/><a href=\"\/videos\/Hockenheim2008.mp4\">\/videos\/Hockenheim2008.mp4<\/a><\/video><\/div>\n<p><b><br \/>\nFilzbach 8. Februar 2008<\/b><br \/>\nSchlitteln in Filzbach, have fun!<\/p>\n<div style=\"width: 640px;\" class=\"wp-video\"><video class=\"wp-video-shortcode\" id=\"video-11-17\" width=\"640\" height=\"360\" preload=\"metadata\" controls=\"controls\"><source type=\"video\/mp4\" src=\"\/videos\/Filzbach2008.mp4?_=17\" \/><a href=\"\/videos\/Filzbach2008.mp4\">\/videos\/Filzbach2008.mp4<\/a><\/video><\/div>\n<p><b><br \/>\nFlumserberg 2. Januar 2008<\/b><br \/>\nSnowboarden in Flumserberg, have fun!<\/p>\n<div style=\"width: 640px;\" class=\"wp-video\"><video class=\"wp-video-shortcode\" id=\"video-11-18\" width=\"640\" height=\"360\" preload=\"metadata\" controls=\"controls\"><source type=\"video\/mp4\" src=\"\/videos\/Flumserberg2008.mp4?_=18\" \/><a href=\"\/videos\/Flumserberg2008.mp4\">\/videos\/Flumserberg2008.mp4<\/a><\/video><\/div>\n","protected":false},"excerpt":{"rendered":"<p>Rundflug 02.06.2018 Impressionen aus der Luft! Tessin 2017 Impressionen aus Bellinzona und Ascona Nordschleife Slow Motion 2017 Nordschleife in Slow Motion N\u00fcrburgring (D) Sportfahrer.ch-Trackday Anneau du Rhin 29. Mai 2015 Sportfahrer.ch-Trackday Anneau du Rhin (F) WEC N\u00fcrburgring 2015 WEC am N\u00fcrburgring (D) in Slow Motion Sportfahrer.ch-Trackday Chenevi\u00e8res 15. August 2015 Sportfahrer.ch-Trackday in Chenevi\u00e8res (F) Toyo&#8230;<\/p>\n","protected":false},"author":1,"featured_media":0,"parent":0,"menu_order":2,"comment_status":"closed","ping_status":"closed","template":"","meta":{"footnotes":""},"class_list":["post-11","page","type-page","status-publish","hentry"],"yoast_head":"<!-- This site is optimized with the Yoast SEO plugin v27.4 - https:\/\/yoast.com\/product\/yoast-seo-wordpress\/ -->\n<title>videos - kevintobler.ch<\/title>\n<meta name=\"robots\" content=\"index, follow, max-snippet:-1, max-image-preview:large, max-video-preview:-1\" \/>\n<link rel=\"canonical\" href=\"https:\/\/kevintobler.ch\/index.php\/videos\/\" \/>\n<meta property=\"og:locale\" content=\"de_DE\" \/>\n<meta property=\"og:type\" content=\"article\" \/>\n<meta property=\"og:title\" content=\"videos - kevintobler.ch\" \/>\n<meta property=\"og:description\" content=\"Rundflug 02.06.2018 Impressionen aus der Luft! Tessin 2017 Impressionen aus Bellinzona und Ascona Nordschleife Slow Motion 2017 Nordschleife in Slow Motion N\u00fcrburgring (D) Sportfahrer.ch-Trackday Anneau du Rhin 29. Mai 2015 Sportfahrer.ch-Trackday Anneau du Rhin (F) WEC N\u00fcrburgring 2015 WEC am N\u00fcrburgring (D) in Slow Motion Sportfahrer.ch-Trackday Chenevi\u00e8res 15. August 2015 Sportfahrer.ch-Trackday in Chenevi\u00e8res (F) Toyo...\" \/>\n<meta property=\"og:url\" content=\"https:\/\/kevintobler.ch\/index.php\/videos\/\" \/>\n<meta property=\"og:site_name\" content=\"kevintobler.ch\" \/>\n<meta property=\"article:publisher\" content=\"https:\/\/www.facebook.com\/kevintobler.ch\" \/>\n<meta property=\"article:modified_time\" content=\"2026-02-16T23:50:17+00:00\" \/>\n<meta property=\"og:image\" content=\"https:\/\/kevintobler.ch\/wp-content\/uploads\/2019\/09\/cropped-kevin_tobler_photography_logo.jpg\" \/>\n\t<meta property=\"og:image:width\" content=\"512\" \/>\n\t<meta property=\"og:image:height\" content=\"512\" \/>\n\t<meta property=\"og:image:type\" content=\"image\/jpeg\" \/>\n<meta name=\"twitter:card\" content=\"summary_large_image\" \/>\n<meta name=\"twitter:label1\" content=\"Gesch\u00e4tzte Lesezeit\" \/>\n\t<meta name=\"twitter:data1\" content=\"2\u00a0Minuten\" \/>\n<script type=\"application\/ld+json\" class=\"yoast-schema-graph\">{\"@context\":\"https:\\\/\\\/schema.org\",\"@graph\":[{\"@type\":\"WebPage\",\"@id\":\"https:\\\/\\\/kevintobler.ch\\\/index.php\\\/videos\\\/\",\"url\":\"https:\\\/\\\/kevintobler.ch\\\/index.php\\\/videos\\\/\",\"name\":\"videos - kevintobler.ch\",\"isPartOf\":{\"@id\":\"https:\\\/\\\/kevintobler.ch\\\/#website\"},\"datePublished\":\"2018-02-06T18:05:00+00:00\",\"dateModified\":\"2026-02-16T23:50:17+00:00\",\"breadcrumb\":{\"@id\":\"https:\\\/\\\/kevintobler.ch\\\/index.php\\\/videos\\\/#breadcrumb\"},\"inLanguage\":\"de\",\"potentialAction\":[{\"@type\":\"ReadAction\",\"target\":[\"https:\\\/\\\/kevintobler.ch\\\/index.php\\\/videos\\\/\"]}]},{\"@type\":\"BreadcrumbList\",\"@id\":\"https:\\\/\\\/kevintobler.ch\\\/index.php\\\/videos\\\/#breadcrumb\",\"itemListElement\":[{\"@type\":\"ListItem\",\"position\":1,\"name\":\"Startseite\",\"item\":\"https:\\\/\\\/kevintobler.ch\\\/\"},{\"@type\":\"ListItem\",\"position\":2,\"name\":\"videos\"}]},{\"@type\":\"WebSite\",\"@id\":\"https:\\\/\\\/kevintobler.ch\\\/#website\",\"url\":\"https:\\\/\\\/kevintobler.ch\\\/\",\"name\":\"kevintobler.ch\",\"description\":\"photos, videos &amp; more\",\"publisher\":{\"@id\":\"https:\\\/\\\/kevintobler.ch\\\/#organization\"},\"potentialAction\":[{\"@type\":\"SearchAction\",\"target\":{\"@type\":\"EntryPoint\",\"urlTemplate\":\"https:\\\/\\\/kevintobler.ch\\\/?s={search_term_string}\"},\"query-input\":{\"@type\":\"PropertyValueSpecification\",\"valueRequired\":true,\"valueName\":\"search_term_string\"}}],\"inLanguage\":\"de\"},{\"@type\":\"Organization\",\"@id\":\"https:\\\/\\\/kevintobler.ch\\\/#organization\",\"name\":\"kevintobler.ch\",\"url\":\"https:\\\/\\\/kevintobler.ch\\\/\",\"logo\":{\"@type\":\"ImageObject\",\"inLanguage\":\"de\",\"@id\":\"https:\\\/\\\/kevintobler.ch\\\/#\\\/schema\\\/logo\\\/image\\\/\",\"url\":\"https:\\\/\\\/kevintobler.ch\\\/wp-content\\\/uploads\\\/2019\\\/09\\\/cropped-kevin_tobler_photography_logo.jpg\",\"contentUrl\":\"https:\\\/\\\/kevintobler.ch\\\/wp-content\\\/uploads\\\/2019\\\/09\\\/cropped-kevin_tobler_photography_logo.jpg\",\"width\":512,\"height\":512,\"caption\":\"kevintobler.ch\"},\"image\":{\"@id\":\"https:\\\/\\\/kevintobler.ch\\\/#\\\/schema\\\/logo\\\/image\\\/\"},\"sameAs\":[\"https:\\\/\\\/www.facebook.com\\\/kevintobler.ch\",\"https:\\\/\\\/www.instagram.com\\\/kevin.tobler\"]}]}<\/script>\n<!-- \/ Yoast SEO plugin. -->","yoast_head_json":{"title":"videos - kevintobler.ch","robots":{"index":"index","follow":"follow","max-snippet":"max-snippet:-1","max-image-preview":"max-image-preview:large","max-video-preview":"max-video-preview:-1"},"canonical":"https:\/\/kevintobler.ch\/index.php\/videos\/","og_locale":"de_DE","og_type":"article","og_title":"videos - kevintobler.ch","og_description":"Rundflug 02.06.2018 Impressionen aus der Luft! Tessin 2017 Impressionen aus Bellinzona und Ascona Nordschleife Slow Motion 2017 Nordschleife in Slow Motion N\u00fcrburgring (D) Sportfahrer.ch-Trackday Anneau du Rhin 29. Mai 2015 Sportfahrer.ch-Trackday Anneau du Rhin (F) WEC N\u00fcrburgring 2015 WEC am N\u00fcrburgring (D) in Slow Motion Sportfahrer.ch-Trackday Chenevi\u00e8res 15. August 2015 Sportfahrer.ch-Trackday in Chenevi\u00e8res (F) Toyo...","og_url":"https:\/\/kevintobler.ch\/index.php\/videos\/","og_site_name":"kevintobler.ch","article_publisher":"https:\/\/www.facebook.com\/kevintobler.ch","article_modified_time":"2026-02-16T23:50:17+00:00","og_image":[{"width":512,"height":512,"url":"https:\/\/kevintobler.ch\/wp-content\/uploads\/2019\/09\/cropped-kevin_tobler_photography_logo.jpg","type":"image\/jpeg"}],"twitter_card":"summary_large_image","twitter_misc":{"Gesch\u00e4tzte Lesezeit":"2\u00a0Minuten"},"schema":{"@context":"https:\/\/schema.org","@graph":[{"@type":"WebPage","@id":"https:\/\/kevintobler.ch\/index.php\/videos\/","url":"https:\/\/kevintobler.ch\/index.php\/videos\/","name":"videos - kevintobler.ch","isPartOf":{"@id":"https:\/\/kevintobler.ch\/#website"},"datePublished":"2018-02-06T18:05:00+00:00","dateModified":"2026-02-16T23:50:17+00:00","breadcrumb":{"@id":"https:\/\/kevintobler.ch\/index.php\/videos\/#breadcrumb"},"inLanguage":"de","potentialAction":[{"@type":"ReadAction","target":["https:\/\/kevintobler.ch\/index.php\/videos\/"]}]},{"@type":"BreadcrumbList","@id":"https:\/\/kevintobler.ch\/index.php\/videos\/#breadcrumb","itemListElement":[{"@type":"ListItem","position":1,"name":"Startseite","item":"https:\/\/kevintobler.ch\/"},{"@type":"ListItem","position":2,"name":"videos"}]},{"@type":"WebSite","@id":"https:\/\/kevintobler.ch\/#website","url":"https:\/\/kevintobler.ch\/","name":"kevintobler.ch","description":"photos, videos &amp; more","publisher":{"@id":"https:\/\/kevintobler.ch\/#organization"},"potentialAction":[{"@type":"SearchAction","target":{"@type":"EntryPoint","urlTemplate":"https:\/\/kevintobler.ch\/?s={search_term_string}"},"query-input":{"@type":"PropertyValueSpecification","valueRequired":true,"valueName":"search_term_string"}}],"inLanguage":"de"},{"@type":"Organization","@id":"https:\/\/kevintobler.ch\/#organization","name":"kevintobler.ch","url":"https:\/\/kevintobler.ch\/","logo":{"@type":"ImageObject","inLanguage":"de","@id":"https:\/\/kevintobler.ch\/#\/schema\/logo\/image\/","url":"https:\/\/kevintobler.ch\/wp-content\/uploads\/2019\/09\/cropped-kevin_tobler_photography_logo.jpg","contentUrl":"https:\/\/kevintobler.ch\/wp-content\/uploads\/2019\/09\/cropped-kevin_tobler_photography_logo.jpg","width":512,"height":512,"caption":"kevintobler.ch"},"image":{"@id":"https:\/\/kevintobler.ch\/#\/schema\/logo\/image\/"},"sameAs":["https:\/\/www.facebook.com\/kevintobler.ch","https:\/\/www.instagram.com\/kevin.tobler"]}]}},"_links":{"self":[{"href":"https:\/\/kevintobler.ch\/index.php\/wp-json\/wp\/v2\/pages\/11","targetHints":{"allow":["GET"]}}],"collection":[{"href":"https:\/\/kevintobler.ch\/index.php\/wp-json\/wp\/v2\/pages"}],"about":[{"href":"https:\/\/kevintobler.ch\/index.php\/wp-json\/wp\/v2\/types\/page"}],"author":[{"embeddable":true,"href":"https:\/\/kevintobler.ch\/index.php\/wp-json\/wp\/v2\/users\/1"}],"replies":[{"embeddable":true,"href":"https:\/\/kevintobler.ch\/index.php\/wp-json\/wp\/v2\/comments?post=11"}],"version-history":[{"count":28,"href":"https:\/\/kevintobler.ch\/index.php\/wp-json\/wp\/v2\/pages\/11\/revisions"}],"predecessor-version":[{"id":2000,"href":"https:\/\/kevintobler.ch\/index.php\/wp-json\/wp\/v2\/pages\/11\/revisions\/2000"}],"wp:attachment":[{"href":"https:\/\/kevintobler.ch\/index.php\/wp-json\/wp\/v2\/media?parent=11"}],"curies":[{"name":"wp","href":"https:\/\/api.w.org\/{rel}","templated":true}]}}